{"id":11074,"date":"2022-08-20T20:44:13","date_gmt":"2022-08-20T20:44:13","guid":{"rendered":"https:\/\/josegomescoach.com\/?page_id=11074"},"modified":"2022-08-31T16:28:05","modified_gmt":"2022-08-31T16:28:05","slug":"promoted-players","status":"publish","type":"page","link":"https:\/\/josegomescoach.com\/?page_id=11074","title":{"rendered":"Promoted Players"},"content":{"rendered":"\t\t<div data-elementor-type=\"wp-page\" data-elementor-id=\"11074\" class=\"elementor elementor-11074\">\n\t\t\t\t\t\t<section class=\"elementor-section elementor-top-section elementor-element elementor-element-d0e540d elementor-section-boxed elementor-section-height-default elementor-section-height-default\" data-id=\"d0e540d\" data-element_type=\"section\" data-e-type=\"section\">\n\t\t\t\t\t\t<div class=\"elementor-container elementor-column-gap-default\">\n\t\t\t\t\t<div class=\"elementor-column elementor-col-100 elementor-top-column elementor-element elementor-element-d60b5b2\" data-id=\"d60b5b2\" data-element_type=\"column\" data-e-type=\"column\">\n\t\t\t<div class=\"elementor-widget-wrap elementor-element-populated\">\n\t\t\t\t\t\t<div class=\"elementor-element elementor-element-fe9c11a elementor-widget elementor-widget-heading\" data-id=\"fe9c11a\" data-element_type=\"widget\" data-e-type=\"widget\" data-widget_type=\"heading.default\">\n\t\t\t\t<div class=\"elementor-widget-container\">\n\t\t\t\t\t<h2 class=\"elementor-heading-title elementor-size-default\">Promoted Players<\/h2>\t\t\t\t<\/div>\n\t\t\t\t<\/div>\n\t\t\t\t\t<\/div>\n\t\t<\/div>\n\t\t\t\t\t<\/div>\n\t\t<\/section>\n\t\t\t\t<section class=\"elementor-section elementor-top-section elementor-element elementor-element-371e1f71 elementor-section-content-middle elementor-section-full_width elementor-reverse-mobile elementor-reverse-tablet elementor-section-height-default elementor-section-height-default\" data-id=\"371e1f71\" data-element_type=\"section\" data-e-type=\"section\">\n\t\t\t\t\t\t<div class=\"elementor-container elementor-column-gap-no\">\n\t\t\t\t\t<div class=\"elementor-column elementor-col-50 elementor-top-column elementor-element elementor-element-2895769a\" data-id=\"2895769a\" data-element_type=\"column\" data-e-type=\"column\">\n\t\t\t<div class=\"elementor-widget-wrap elementor-element-populated\">\n\t\t\t\t\t\t<div class=\"elementor-element elementor-element-4181fc30 elementor-widget elementor-widget-image\" data-id=\"4181fc30\" data-element_type=\"widget\" data-e-type=\"widget\" data-widget_type=\"image.default\">\n\t\t\t\t<div class=\"elementor-widget-container\">\n\t\t\t\t\t\t\t\t\t\t\t\t\t\t\t<img fetchpriority=\"high\" decoding=\"async\" width=\"640\" height=\"427\" src=\"https:\/\/josegomescoach.com\/wp-content\/uploads\/2019\/07\/jose.espanha-1-1024x683.jpeg\" class=\"attachment-large size-large wp-image-5756\" alt=\"\" srcset=\"https:\/\/josegomescoach.com\/wp-content\/uploads\/2019\/07\/jose.espanha-1-1024x683.jpeg 1024w, https:\/\/josegomescoach.com\/wp-content\/uploads\/2019\/07\/jose.espanha-1-300x200.jpeg 300w, https:\/\/josegomescoach.com\/wp-content\/uploads\/2019\/07\/jose.espanha-1-768x512.jpeg 768w, https:\/\/josegomescoach.com\/wp-content\/uploads\/2019\/07\/jose.espanha-1.jpeg 1359w\" sizes=\"(max-width: 640px) 100vw, 640px\" \/>\t\t\t\t\t\t\t\t\t\t\t\t\t\t\t<\/div>\n\t\t\t\t<\/div>\n\t\t\t\t\t<\/div>\n\t\t<\/div>\n\t\t\t\t<div class=\"elementor-column elementor-col-50 elementor-top-column elementor-element elementor-element-646b6797\" data-id=\"646b6797\" data-element_type=\"column\" data-e-type=\"column\">\n\t\t\t<div class=\"elementor-widget-wrap elementor-element-populated\">\n\t\t\t\t\t\t<div class=\"elementor-element elementor-element-2133a479 elementor-widget elementor-widget-heading\" data-id=\"2133a479\" data-element_type=\"widget\" data-e-type=\"widget\" data-widget_type=\"heading.default\">\n\t\t\t\t<div class=\"elementor-widget-container\">\n\t\t\t\t\t<h1 class=\"elementor-heading-title elementor-size-default\">The Players<\/h1>\t\t\t\t<\/div>\n\t\t\t\t<\/div>\n\t\t\t\t<div class=\"elementor-element elementor-element-f63b0f elementor-widget elementor-widget-text-editor\" data-id=\"f63b0f\" data-element_type=\"widget\" data-e-type=\"widget\" data-widget_type=\"text-editor.default\">\n\t\t\t\t<div class=\"elementor-widget-container\">\n\t\t\t\t\t\t\t\t\t<p><span style=\"letter-spacing: 0px; word-spacing: 0em;\">Over the last seasons Jos\u00e9 Gomes has helped many players to get called to their national teams and move on to bigger clubs.<\/span><\/p>\t\t\t\t\t\t\t\t<\/div>\n\t\t\t\t<\/div>\n\t\t\t\t\t<\/div>\n\t\t<\/div>\n\t\t\t\t\t<\/div>\n\t\t<\/section>\n\t\t\t\t<section class=\"elementor-section elementor-top-section elementor-element elementor-element-4900aeab elementor-section-full_width elementor-section-height-default elementor-section-height-default\" data-id=\"4900aeab\" data-element_type=\"section\" data-e-type=\"section\">\n\t\t\t\t\t\t<div class=\"elementor-container elementor-column-gap-no\">\n\t\t\t\t\t<div class=\"elementor-column elementor-col-100 elementor-top-column elementor-element elementor-element-6d92da5a\" data-id=\"6d92da5a\" data-element_type=\"column\" data-e-type=\"column\">\n\t\t\t<div class=\"elementor-widget-wrap elementor-element-populated\">\n\t\t\t\t\t\t<section class=\"elementor-section elementor-inner-section elementor-element elementor-element-75e9bd15 elementor-section-full_width elementor-section-height-default elementor-section-height-default\" data-id=\"75e9bd15\" data-element_type=\"section\" data-e-type=\"section\">\n\t\t\t\t\t\t<div class=\"elementor-container elementor-column-gap-no\">\n\t\t\t\t\t<div class=\"elementor-column elementor-col-25 elementor-inner-column elementor-element elementor-element-1ca80364\" data-id=\"1ca80364\" data-element_type=\"column\" data-e-type=\"column\">\n\t\t\t<div class=\"elementor-widget-wrap elementor-element-populated\">\n\t\t\t\t\t\t<div class=\"elementor-element elementor-element-3eda3336 elementor-position-top elementor-widget elementor-widget-image-box\" data-id=\"3eda3336\" data-element_type=\"widget\" data-e-type=\"widget\" data-widget_type=\"image-box.default\">\n\t\t\t\t<div class=\"elementor-widget-container\">\n\t\t\t\t\t<div class=\"elementor-image-box-wrapper\"><figure class=\"elementor-image-box-img\"><img decoding=\"async\" width=\"675\" height=\"380\" src=\"https:\/\/josegomescoach.com\/wp-content\/uploads\/2019\/11\/Jose-Gomes.jpg\" class=\"elementor-animation-grow attachment-full size-full wp-image-6261\" alt=\"\" srcset=\"https:\/\/josegomescoach.com\/wp-content\/uploads\/2019\/11\/Jose-Gomes.jpg 675w, https:\/\/josegomescoach.com\/wp-content\/uploads\/2019\/11\/Jose-Gomes-300x169.jpg 300w\" sizes=\"(max-width: 675px) 100vw, 675px\" \/><\/figure><div class=\"elementor-image-box-content\"><h4 class=\"elementor-image-box-title\">l\u00e1szl\u00f3 kleinheisler<\/h4><p class=\"elementor-image-box-description\">Videoton <\/p><\/div><\/div>\t\t\t\t<\/div>\n\t\t\t\t<\/div>\n\t\t\t\t<div class=\"elementor-element elementor-element-e841d8b elementor-position-top elementor-widget elementor-widget-image-box\" data-id=\"e841d8b\" data-element_type=\"widget\" data-e-type=\"widget\" data-widget_type=\"image-box.default\">\n\t\t\t\t<div class=\"elementor-widget-container\">\n\t\t\t\t\t<div class=\"elementor-image-box-wrapper\"><figure class=\"elementor-image-box-img\"><img decoding=\"async\" width=\"460\" height=\"307\" src=\"https:\/\/josegomescoach.com\/wp-content\/uploads\/2022\/08\/Shutterstock_10149107ao.jpg\" class=\"elementor-animation-grow attachment-full size-full wp-image-11087\" alt=\"\" srcset=\"https:\/\/josegomescoach.com\/wp-content\/uploads\/2022\/08\/Shutterstock_10149107ao.jpg 460w, https:\/\/josegomescoach.com\/wp-content\/uploads\/2022\/08\/Shutterstock_10149107ao-300x200.jpg 300w\" sizes=\"(max-width: 460px) 100vw, 460px\" \/><\/figure><div class=\"elementor-image-box-content\"><h4 class=\"elementor-image-box-title\">Yakou Meite<\/h4><p class=\"elementor-image-box-description\">Reading<\/p><\/div><\/div>\t\t\t\t<\/div>\n\t\t\t\t<\/div>\n\t\t\t\t<div class=\"elementor-element elementor-element-3b9d286 elementor-position-top elementor-widget elementor-widget-image-box\" data-id=\"3b9d286\" data-element_type=\"widget\" data-e-type=\"widget\" data-widget_type=\"image-box.default\">\n\t\t\t\t<div class=\"elementor-widget-container\">\n\t\t\t\t\t<div class=\"elementor-image-box-wrapper\"><figure class=\"elementor-image-box-img\"><img loading=\"lazy\" decoding=\"async\" width=\"1359\" height=\"906\" src=\"https:\/\/josegomescoach.com\/wp-content\/uploads\/2022\/08\/img_1008.jpg\" class=\"elementor-animation-grow attachment-full size-full wp-image-11097\" alt=\"\" srcset=\"https:\/\/josegomescoach.com\/wp-content\/uploads\/2022\/08\/img_1008.jpg 1359w, https:\/\/josegomescoach.com\/wp-content\/uploads\/2022\/08\/img_1008-300x200.jpg 300w, https:\/\/josegomescoach.com\/wp-content\/uploads\/2022\/08\/img_1008-1024x683.jpg 1024w, https:\/\/josegomescoach.com\/wp-content\/uploads\/2022\/08\/img_1008-768x512.jpg 768w, https:\/\/josegomescoach.com\/wp-content\/uploads\/2022\/08\/img_1008-850x567.jpg 850w\" sizes=\"(max-width: 1359px) 100vw, 1359px\" \/><\/figure><div class=\"elementor-image-box-content\"><h4 class=\"elementor-image-box-title\">michael Olise<\/h4><p class=\"elementor-image-box-description\">Reading<\/p><\/div><\/div>\t\t\t\t<\/div>\n\t\t\t\t<\/div>\n\t\t\t\t\t<\/div>\n\t\t<\/div>\n\t\t\t\t<div class=\"elementor-column elementor-col-25 elementor-inner-column elementor-element elementor-element-1a78fd9d\" data-id=\"1a78fd9d\" data-element_type=\"column\" data-e-type=\"column\">\n\t\t\t<div class=\"elementor-widget-wrap elementor-element-populated\">\n\t\t\t\t\t\t<div class=\"elementor-element elementor-element-729c6e88 elementor-position-top elementor-widget elementor-widget-image-box\" data-id=\"729c6e88\" data-element_type=\"widget\" data-e-type=\"widget\" data-widget_type=\"image-box.default\">\n\t\t\t\t<div class=\"elementor-widget-container\">\n\t\t\t\t\t<div class=\"elementor-image-box-wrapper\"><figure class=\"elementor-image-box-img\"><img loading=\"lazy\" decoding=\"async\" width=\"704\" height=\"405\" src=\"https:\/\/josegomescoach.com\/wp-content\/uploads\/2022\/08\/poli2757753164i_371556.jpg\" class=\"elementor-animation-grow attachment-full size-full wp-image-11084\" alt=\"\" srcset=\"https:\/\/josegomescoach.com\/wp-content\/uploads\/2022\/08\/poli2757753164i_371556.jpg 704w, https:\/\/josegomescoach.com\/wp-content\/uploads\/2022\/08\/poli2757753164i_371556-300x173.jpg 300w\" sizes=\"(max-width: 704px) 100vw, 704px\" \/><\/figure><div class=\"elementor-image-box-content\"><h4 class=\"elementor-image-box-title\">yassen hamza <\/h4><p class=\"elementor-image-box-description\">Altaawoun <\/p><\/div><\/div>\t\t\t\t<\/div>\n\t\t\t\t<\/div>\n\t\t\t\t<div class=\"elementor-element elementor-element-1afac48a elementor-position-top elementor-widget elementor-widget-image-box\" data-id=\"1afac48a\" data-element_type=\"widget\" data-e-type=\"widget\" data-widget_type=\"image-box.default\">\n\t\t\t\t<div class=\"elementor-widget-container\">\n\t\t\t\t\t<div class=\"elementor-image-box-wrapper\"><figure class=\"elementor-image-box-img\"><img loading=\"lazy\" decoding=\"async\" width=\"440\" height=\"293\" src=\"https:\/\/josegomescoach.com\/wp-content\/uploads\/2022\/08\/Shutterstock_10513281f.jpg\" class=\"elementor-animation-grow attachment-full size-full wp-image-11086\" alt=\"\" srcset=\"https:\/\/josegomescoach.com\/wp-content\/uploads\/2022\/08\/Shutterstock_10513281f.jpg 440w, https:\/\/josegomescoach.com\/wp-content\/uploads\/2022\/08\/Shutterstock_10513281f-300x200.jpg 300w\" sizes=\"(max-width: 440px) 100vw, 440px\" \/><\/figure><div class=\"elementor-image-box-content\"><h4 class=\"elementor-image-box-title\">Abdullah Haif Al-Shammari <\/h4><p class=\"elementor-image-box-description\">Altaawoun<\/p><\/div><\/div>\t\t\t\t<\/div>\n\t\t\t\t<\/div>\n\t\t\t\t<div class=\"elementor-element elementor-element-b4b0d85 elementor-position-top elementor-widget elementor-widget-image-box\" data-id=\"b4b0d85\" data-element_type=\"widget\" data-e-type=\"widget\" data-widget_type=\"image-box.default\">\n\t\t\t\t<div class=\"elementor-widget-container\">\n\t\t\t\t\t<div class=\"elementor-image-box-wrapper\"><figure class=\"elementor-image-box-img\"><img loading=\"lazy\" decoding=\"async\" width=\"840\" height=\"630\" src=\"https:\/\/josegomescoach.com\/wp-content\/uploads\/2022\/08\/unnamed.jpg\" class=\"elementor-animation-grow attachment-full size-full wp-image-11101\" alt=\"\" srcset=\"https:\/\/josegomescoach.com\/wp-content\/uploads\/2022\/08\/unnamed.jpg 840w, https:\/\/josegomescoach.com\/wp-content\/uploads\/2022\/08\/unnamed-300x225.jpg 300w, https:\/\/josegomescoach.com\/wp-content\/uploads\/2022\/08\/unnamed-768x576.jpg 768w\" sizes=\"(max-width: 840px) 100vw, 840px\" \/><\/figure><div class=\"elementor-image-box-content\"><h4 class=\"elementor-image-box-title\">ramazani<\/h4><p class=\"elementor-image-box-description\">Almeria <\/p><\/div><\/div>\t\t\t\t<\/div>\n\t\t\t\t<\/div>\n\t\t\t\t\t<\/div>\n\t\t<\/div>\n\t\t\t\t<div class=\"elementor-column elementor-col-25 elementor-inner-column elementor-element elementor-element-7dd0cc4c\" data-id=\"7dd0cc4c\" data-element_type=\"column\" data-e-type=\"column\">\n\t\t\t<div class=\"elementor-widget-wrap elementor-element-populated\">\n\t\t\t\t\t\t<div class=\"elementor-element elementor-element-42400fc elementor-position-top elementor-widget elementor-widget-image-box\" data-id=\"42400fc\" data-element_type=\"widget\" data-e-type=\"widget\" data-widget_type=\"image-box.default\">\n\t\t\t\t<div class=\"elementor-widget-container\">\n\t\t\t\t\t<div class=\"elementor-image-box-wrapper\"><figure class=\"elementor-image-box-img\"><img loading=\"lazy\" decoding=\"async\" width=\"670\" height=\"377\" src=\"https:\/\/josegomescoach.com\/wp-content\/uploads\/2022\/08\/rodrigopinho2.jpg\" class=\"elementor-animation-grow attachment-full size-full wp-image-11090\" alt=\"\" srcset=\"https:\/\/josegomescoach.com\/wp-content\/uploads\/2022\/08\/rodrigopinho2.jpg 670w, https:\/\/josegomescoach.com\/wp-content\/uploads\/2022\/08\/rodrigopinho2-300x169.jpg 300w\" sizes=\"(max-width: 670px) 100vw, 670px\" \/><\/figure><div class=\"elementor-image-box-content\"><h4 class=\"elementor-image-box-title\">Rodrigo Pinho<\/h4><p class=\"elementor-image-box-description\">Maritimo<\/p><\/div><\/div>\t\t\t\t<\/div>\n\t\t\t\t<\/div>\n\t\t\t\t<div class=\"elementor-element elementor-element-8bc6150 elementor-position-top elementor-widget elementor-widget-image-box\" data-id=\"8bc6150\" data-element_type=\"widget\" data-e-type=\"widget\" data-widget_type=\"image-box.default\">\n\t\t\t\t<div class=\"elementor-widget-container\">\n\t\t\t\t\t<div class=\"elementor-image-box-wrapper\"><figure class=\"elementor-image-box-img\"><img loading=\"lazy\" decoding=\"async\" width=\"800\" height=\"533\" src=\"https:\/\/josegomescoach.com\/wp-content\/uploads\/2022\/08\/thumbs.web_.sapo_.io_.jpg\" class=\"elementor-animation-grow attachment-full size-full wp-image-11089\" alt=\"\" srcset=\"https:\/\/josegomescoach.com\/wp-content\/uploads\/2022\/08\/thumbs.web_.sapo_.io_.jpg 800w, https:\/\/josegomescoach.com\/wp-content\/uploads\/2022\/08\/thumbs.web_.sapo_.io_-300x200.jpg 300w, https:\/\/josegomescoach.com\/wp-content\/uploads\/2022\/08\/thumbs.web_.sapo_.io_-768x512.jpg 768w\" sizes=\"(max-width: 800px) 100vw, 800px\" \/><\/figure><div class=\"elementor-image-box-content\"><h4 class=\"elementor-image-box-title\">Nanu<\/h4><p class=\"elementor-image-box-description\">Maritimo <\/p><\/div><\/div>\t\t\t\t<\/div>\n\t\t\t\t<\/div>\n\t\t\t\t<div class=\"elementor-element elementor-element-2a2b9de elementor-position-top elementor-widget elementor-widget-image-box\" data-id=\"2a2b9de\" data-element_type=\"widget\" data-e-type=\"widget\" data-widget_type=\"image-box.default\">\n\t\t\t\t<div class=\"elementor-widget-container\">\n\t\t\t\t\t<div class=\"elementor-image-box-wrapper\"><figure class=\"elementor-image-box-img\"><img loading=\"lazy\" decoding=\"async\" width=\"1080\" height=\"719\" src=\"https:\/\/josegomescoach.com\/wp-content\/uploads\/2022\/08\/ISFFJQXAFFIPTD5LCVZ7U4UQBQ.jpg\" class=\"elementor-animation-grow attachment-full size-full wp-image-11100\" alt=\"\" srcset=\"https:\/\/josegomescoach.com\/wp-content\/uploads\/2022\/08\/ISFFJQXAFFIPTD5LCVZ7U4UQBQ.jpg 1080w, https:\/\/josegomescoach.com\/wp-content\/uploads\/2022\/08\/ISFFJQXAFFIPTD5LCVZ7U4UQBQ-300x200.jpg 300w, https:\/\/josegomescoach.com\/wp-content\/uploads\/2022\/08\/ISFFJQXAFFIPTD5LCVZ7U4UQBQ-1024x682.jpg 1024w, https:\/\/josegomescoach.com\/wp-content\/uploads\/2022\/08\/ISFFJQXAFFIPTD5LCVZ7U4UQBQ-768x511.jpg 768w, https:\/\/josegomescoach.com\/wp-content\/uploads\/2022\/08\/ISFFJQXAFFIPTD5LCVZ7U4UQBQ-850x566.jpg 850w\" sizes=\"(max-width: 1080px) 100vw, 1080px\" \/><\/figure><div class=\"elementor-image-box-content\"><h4 class=\"elementor-image-box-title\">Cuenca<\/h4><p class=\"elementor-image-box-description\">Almeria  <\/p><\/div><\/div>\t\t\t\t<\/div>\n\t\t\t\t<\/div>\n\t\t\t\t\t<\/div>\n\t\t<\/div>\n\t\t\t\t<div class=\"elementor-column elementor-col-25 elementor-inner-column elementor-element elementor-element-40fdc1b0\" data-id=\"40fdc1b0\" data-element_type=\"column\" data-e-type=\"column\">\n\t\t\t<div class=\"elementor-widget-wrap elementor-element-populated\">\n\t\t\t\t\t\t<div class=\"elementor-element elementor-element-e806bf8 elementor-position-top elementor-widget elementor-widget-image-box\" data-id=\"e806bf8\" data-element_type=\"widget\" data-e-type=\"widget\" data-widget_type=\"image-box.default\">\n\t\t\t\t<div class=\"elementor-widget-container\">\n\t\t\t\t\t<div class=\"elementor-image-box-wrapper\"><figure class=\"elementor-image-box-img\"><img loading=\"lazy\" decoding=\"async\" width=\"1002\" height=\"560\" src=\"https:\/\/josegomescoach.com\/wp-content\/uploads\/2022\/08\/omar-richards-fc-reading-1609825872-53935.jpg\" class=\"elementor-animation-grow attachment-full size-full wp-image-11088\" alt=\"\" srcset=\"https:\/\/josegomescoach.com\/wp-content\/uploads\/2022\/08\/omar-richards-fc-reading-1609825872-53935.jpg 1002w, https:\/\/josegomescoach.com\/wp-content\/uploads\/2022\/08\/omar-richards-fc-reading-1609825872-53935-300x168.jpg 300w, https:\/\/josegomescoach.com\/wp-content\/uploads\/2022\/08\/omar-richards-fc-reading-1609825872-53935-768x429.jpg 768w, https:\/\/josegomescoach.com\/wp-content\/uploads\/2022\/08\/omar-richards-fc-reading-1609825872-53935-850x475.jpg 850w\" sizes=\"(max-width: 1002px) 100vw, 1002px\" \/><\/figure><div class=\"elementor-image-box-content\"><h4 class=\"elementor-image-box-title\">Omar Richards<\/h4><p class=\"elementor-image-box-description\">Reading<\/p><\/div><\/div>\t\t\t\t<\/div>\n\t\t\t\t<\/div>\n\t\t\t\t<div class=\"elementor-element elementor-element-76931ab1 elementor-position-top elementor-widget elementor-widget-image-box\" data-id=\"76931ab1\" data-element_type=\"widget\" data-e-type=\"widget\" data-widget_type=\"image-box.default\">\n\t\t\t\t<div class=\"elementor-widget-container\">\n\t\t\t\t\t<div class=\"elementor-image-box-wrapper\"><figure class=\"elementor-image-box-img\"><img loading=\"lazy\" decoding=\"async\" width=\"2560\" height=\"1706\" src=\"https:\/\/josegomescoach.com\/wp-content\/uploads\/2020\/12\/jose\u0301gomesalmeri\u0301a-1-scaled.jpeg\" class=\"elementor-animation-grow attachment-full size-full wp-image-9130\" alt=\"\" srcset=\"https:\/\/josegomescoach.com\/wp-content\/uploads\/2020\/12\/jose\u0301gomesalmeri\u0301a-1-scaled.jpeg 2560w, https:\/\/josegomescoach.com\/wp-content\/uploads\/2020\/12\/jose\u0301gomesalmeri\u0301a-1-300x200.jpeg 300w, https:\/\/josegomescoach.com\/wp-content\/uploads\/2020\/12\/jose\u0301gomesalmeri\u0301a-1-1024x682.jpeg 1024w, https:\/\/josegomescoach.com\/wp-content\/uploads\/2020\/12\/jose\u0301gomesalmeri\u0301a-1-768x512.jpeg 768w, https:\/\/josegomescoach.com\/wp-content\/uploads\/2020\/12\/jose\u0301gomesalmeri\u0301a-1-1536x1024.jpeg 1536w, https:\/\/josegomescoach.com\/wp-content\/uploads\/2020\/12\/jose\u0301gomesalmeri\u0301a-1-2048x1365.jpeg 2048w\" sizes=\"(max-width: 2560px) 100vw, 2560px\" \/><\/figure><div class=\"elementor-image-box-content\"><h4 class=\"elementor-image-box-title\">Sadiq<\/h4><p class=\"elementor-image-box-description\">Almeria<\/p><\/div><\/div>\t\t\t\t<\/div>\n\t\t\t\t<\/div>\n\t\t\t\t<div class=\"elementor-element elementor-element-94d7e71 elementor-position-top elementor-widget elementor-widget-image-box\" data-id=\"94d7e71\" data-element_type=\"widget\" data-e-type=\"widget\" data-widget_type=\"image-box.default\">\n\t\t\t\t<div class=\"elementor-widget-container\">\n\t\t\t\t\t<div class=\"elementor-image-box-wrapper\"><figure class=\"elementor-image-box-img\"><img loading=\"lazy\" decoding=\"async\" width=\"2048\" height=\"1365\" src=\"https:\/\/josegomescoach.com\/wp-content\/uploads\/2021\/03\/jose\u0301gomes-5.jpeg\" class=\"elementor-animation-grow attachment-full size-full wp-image-10037\" alt=\"\" srcset=\"https:\/\/josegomescoach.com\/wp-content\/uploads\/2021\/03\/jose\u0301gomes-5.jpeg 2048w, https:\/\/josegomescoach.com\/wp-content\/uploads\/2021\/03\/jose\u0301gomes-5-300x200.jpeg 300w, https:\/\/josegomescoach.com\/wp-content\/uploads\/2021\/03\/jose\u0301gomes-5-1024x683.jpeg 1024w, https:\/\/josegomescoach.com\/wp-content\/uploads\/2021\/03\/jose\u0301gomes-5-768x512.jpeg 768w, https:\/\/josegomescoach.com\/wp-content\/uploads\/2021\/03\/jose\u0301gomes-5-1536x1024.jpeg 1536w\" sizes=\"(max-width: 2048px) 100vw, 2048px\" \/><\/figure><div class=\"elementor-image-box-content\"><h4 class=\"elementor-image-box-title\">Samu<\/h4><p class=\"elementor-image-box-description\">Almeria  <\/p><\/div><\/div>\t\t\t\t<\/div>\n\t\t\t\t<\/div>\n\t\t\t\t\t<\/div>\n\t\t<\/div>\n\t\t\t\t\t<\/div>\n\t\t<\/section>\n\t\t\t\t\t<\/div>\n\t\t<\/div>\n\t\t\t\t\t<\/div>\n\t\t<\/section>\n\t\t\t\t<\/div>\n\t\t","protected":false},"excerpt":{"rendered":"<p>Promoted Players The Players Over the last seasons Jos\u00e9 Gomes has helped many players to get called to their national teams and move on to bigger clubs. l\u00e1szl\u00f3 kleinheisler Videoton Yakou Meite Reading michael Olise Reading yassen hamza Altaawoun Abdullah Haif Al-Shammari Altaawoun ramazani Almeria Rodrigo Pinho Maritimo Nanu Maritimo Cuenca Almeria Omar Richards Reading&#8230;<\/p>\n","protected":false},"author":3,"featured_media":0,"parent":0,"menu_order":0,"comment_status":"closed","ping_status":"closed","template":"elementor_header_footer","meta":{"footnotes":""},"class_list":["post-11074","page","type-page","status-publish","hentry"],"_links":{"self":[{"href":"https:\/\/josegomescoach.com\/index.php?rest_route=\/wp\/v2\/pages\/11074","targetHints":{"allow":["GET"]}}],"collection":[{"href":"https:\/\/josegomescoach.com\/index.php?rest_route=\/wp\/v2\/pages"}],"about":[{"href":"https:\/\/josegomescoach.com\/index.php?rest_route=\/wp\/v2\/types\/page"}],"author":[{"embeddable":true,"href":"https:\/\/josegomescoach.com\/index.php?rest_route=\/wp\/v2\/users\/3"}],"replies":[{"embeddable":true,"href":"https:\/\/josegomescoach.com\/index.php?rest_route=%2Fwp%2Fv2%2Fcomments&post=11074"}],"version-history":[{"count":10,"href":"https:\/\/josegomescoach.com\/index.php?rest_route=\/wp\/v2\/pages\/11074\/revisions"}],"predecessor-version":[{"id":11200,"href":"https:\/\/josegomescoach.com\/index.php?rest_route=\/wp\/v2\/pages\/11074\/revisions\/11200"}],"wp:attachment":[{"href":"https:\/\/josegomescoach.com\/index.php?rest_route=%2Fwp%2Fv2%2Fmedia&parent=11074"}],"curies":[{"name":"wp","href":"https:\/\/api.w.org\/{rel}","templated":true}]}}